{"id":2240,"date":"2023-07-14T08:28:14","date_gmt":"2023-07-14T06:28:14","guid":{"rendered":"https:\/\/sofizo.si\/domov\/"},"modified":"2024-03-09T12:03:04","modified_gmt":"2024-03-09T11:03:04","slug":"domov","status":"publish","type":"page","link":"https:\/\/sofizo.si\/en\/","title":{"rendered":"Home"},"content":{"rendered":"<blockquote><p><em>&#8220;SUCCESS IS THE SUM OF SMALL EFFORTS, REPEATED DAY IN AND DAY OUT.&#8221;<\/em><br \/>\nRobert Collier<\/p><\/blockquote>\n","protected":false},"excerpt":{"rendered":"<p>&#8220;SUCCESS IS THE SUM OF SMALL EFFORTS, REPEATED DAY IN AND DAY OUT.&#8221; Robert Collier<\/p>\n","protected":false},"author":4,"featured_media":5626,"parent":0,"menu_order":1,"comment_status":"closed","ping_status":"closed","template":"","meta":{"_acf_changed":false,"ngg_post_thumbnail":0,"footnotes":""},"class_list":["post-2240","page","type-page","status-publish","has-post-thumbnail","hentry"],"acf":[],"yoast_head":"<!-- This site is optimized with the Yoast SEO plugin v27.4 - https:\/\/yoast.com\/product\/yoast-seo-wordpress\/ -->\n<title>Home - Sofizo Educational Centre<\/title>\n<meta name=\"description\" content=\"Srednje- in vi\u0161je\u0161olski izobra\u017eevalni programi za uporabno znanje, ki vam odpirajo \u0161tevilne mo\u017enosti in nove prilo\u017enosti.\" \/>\n<meta name=\"robots\" content=\"index, follow, max-snippet:-1, max-image-preview:large, max-video-preview:-1\" \/>\n<link rel=\"canonical\" href=\"https:\/\/sofizo.si\/en\/\" \/>\n<meta property=\"og:locale\" content=\"en_US\" \/>\n<meta property=\"og:type\" content=\"article\" \/>\n<meta property=\"og:title\" content=\"Home - Sofizo Educational Centre\" \/>\n<meta property=\"og:description\" content=\"Srednje- in vi\u0161je\u0161olski izobra\u017eevalni programi za uporabno znanje, ki vam odpirajo \u0161tevilne mo\u017enosti in nove prilo\u017enosti.\" \/>\n<meta property=\"og:url\" content=\"https:\/\/sofizo.si\/en\/\" \/>\n<meta property=\"og:site_name\" content=\"Sofizo Educational Centre\" \/>\n<meta property=\"article:modified_time\" content=\"2024-03-09T11:03:04+00:00\" \/>\n<meta name=\"twitter:card\" content=\"summary_large_image\" \/>\n<meta name=\"twitter:label1\" content=\"Est. reading time\" \/>\n\t<meta name=\"twitter:data1\" content=\"2 minutes\" \/>\n<script type=\"application\/ld+json\" class=\"yoast-schema-graph\">{\"@context\":\"https:\\\/\\\/schema.org\",\"@graph\":[{\"@type\":\"WebPage\",\"@id\":\"https:\\\/\\\/sofizo.si\\\/en\\\/\",\"url\":\"https:\\\/\\\/sofizo.si\\\/en\\\/\",\"name\":\"Home - Sofizo Educational Centre\",\"isPartOf\":{\"@id\":\"https:\\\/\\\/sofizo.si\\\/en\\\/#website\"},\"primaryImageOfPage\":{\"@id\":\"https:\\\/\\\/sofizo.si\\\/en\\\/#primaryimage\"},\"image\":{\"@id\":\"https:\\\/\\\/sofizo.si\\\/en\\\/#primaryimage\"},\"thumbnailUrl\":\"https:\\\/\\\/sofizo.si\\\/wp-content\\\/uploads\\\/2025\\\/09\\\/naslovna_Sofizo.jpg\",\"datePublished\":\"2023-07-14T06:28:14+00:00\",\"dateModified\":\"2024-03-09T11:03:04+00:00\",\"description\":\"Srednje- in vi\u0161je\u0161olski izobra\u017eevalni programi za uporabno znanje, ki vam odpirajo \u0161tevilne mo\u017enosti in nove prilo\u017enosti.\",\"breadcrumb\":{\"@id\":\"https:\\\/\\\/sofizo.si\\\/en\\\/#breadcrumb\"},\"inLanguage\":\"en-US\",\"potentialAction\":[{\"@type\":\"ReadAction\",\"target\":[\"https:\\\/\\\/sofizo.si\\\/en\\\/\"]}]},{\"@type\":\"ImageObject\",\"inLanguage\":\"en-US\",\"@id\":\"https:\\\/\\\/sofizo.si\\\/en\\\/#primaryimage\",\"url\":\"https:\\\/\\\/sofizo.si\\\/wp-content\\\/uploads\\\/2025\\\/09\\\/naslovna_Sofizo.jpg\",\"contentUrl\":\"https:\\\/\\\/sofizo.si\\\/wp-content\\\/uploads\\\/2025\\\/09\\\/naslovna_Sofizo.jpg\",\"width\":1537,\"height\":1024},{\"@type\":\"BreadcrumbList\",\"@id\":\"https:\\\/\\\/sofizo.si\\\/en\\\/#breadcrumb\",\"itemListElement\":[{\"@type\":\"ListItem\",\"position\":1,\"name\":\"Home\",\"item\":\"https:\\\/\\\/sofizo.si\\\/en\\\/\"},{\"@type\":\"ListItem\",\"position\":2,\"name\":\"Home\"}]},{\"@type\":\"WebSite\",\"@id\":\"https:\\\/\\\/sofizo.si\\\/en\\\/#website\",\"url\":\"https:\\\/\\\/sofizo.si\\\/en\\\/\",\"name\":\"Sofizo Educational Centre\",\"description\":\"\",\"potentialAction\":[{\"@type\":\"SearchAction\",\"target\":{\"@type\":\"EntryPoint\",\"urlTemplate\":\"https:\\\/\\\/sofizo.si\\\/en\\\/?s={search_term_string}\"},\"query-input\":{\"@type\":\"PropertyValueSpecification\",\"valueRequired\":true,\"valueName\":\"search_term_string\"}}],\"inLanguage\":\"en-US\"}]}<\/script>\n<!-- \/ Yoast SEO plugin. -->","yoast_head_json":{"title":"Home - Sofizo Educational Centre","description":"Srednje- in vi\u0161je\u0161olski izobra\u017eevalni programi za uporabno znanje, ki vam odpirajo \u0161tevilne mo\u017enosti in nove prilo\u017enosti.","robots":{"index":"index","follow":"follow","max-snippet":"max-snippet:-1","max-image-preview":"max-image-preview:large","max-video-preview":"max-video-preview:-1"},"canonical":"https:\/\/sofizo.si\/en\/","og_locale":"en_US","og_type":"article","og_title":"Home - Sofizo Educational Centre","og_description":"Srednje- in vi\u0161je\u0161olski izobra\u017eevalni programi za uporabno znanje, ki vam odpirajo \u0161tevilne mo\u017enosti in nove prilo\u017enosti.","og_url":"https:\/\/sofizo.si\/en\/","og_site_name":"Sofizo Educational Centre","article_modified_time":"2024-03-09T11:03:04+00:00","twitter_card":"summary_large_image","twitter_misc":{"Est. reading time":"2 minutes"},"schema":{"@context":"https:\/\/schema.org","@graph":[{"@type":"WebPage","@id":"https:\/\/sofizo.si\/en\/","url":"https:\/\/sofizo.si\/en\/","name":"Home - Sofizo Educational Centre","isPartOf":{"@id":"https:\/\/sofizo.si\/en\/#website"},"primaryImageOfPage":{"@id":"https:\/\/sofizo.si\/en\/#primaryimage"},"image":{"@id":"https:\/\/sofizo.si\/en\/#primaryimage"},"thumbnailUrl":"https:\/\/sofizo.si\/wp-content\/uploads\/2025\/09\/naslovna_Sofizo.jpg","datePublished":"2023-07-14T06:28:14+00:00","dateModified":"2024-03-09T11:03:04+00:00","description":"Srednje- in vi\u0161je\u0161olski izobra\u017eevalni programi za uporabno znanje, ki vam odpirajo \u0161tevilne mo\u017enosti in nove prilo\u017enosti.","breadcrumb":{"@id":"https:\/\/sofizo.si\/en\/#breadcrumb"},"inLanguage":"en-US","potentialAction":[{"@type":"ReadAction","target":["https:\/\/sofizo.si\/en\/"]}]},{"@type":"ImageObject","inLanguage":"en-US","@id":"https:\/\/sofizo.si\/en\/#primaryimage","url":"https:\/\/sofizo.si\/wp-content\/uploads\/2025\/09\/naslovna_Sofizo.jpg","contentUrl":"https:\/\/sofizo.si\/wp-content\/uploads\/2025\/09\/naslovna_Sofizo.jpg","width":1537,"height":1024},{"@type":"BreadcrumbList","@id":"https:\/\/sofizo.si\/en\/#breadcrumb","itemListElement":[{"@type":"ListItem","position":1,"name":"Home","item":"https:\/\/sofizo.si\/en\/"},{"@type":"ListItem","position":2,"name":"Home"}]},{"@type":"WebSite","@id":"https:\/\/sofizo.si\/en\/#website","url":"https:\/\/sofizo.si\/en\/","name":"Sofizo Educational Centre","description":"","potentialAction":[{"@type":"SearchAction","target":{"@type":"EntryPoint","urlTemplate":"https:\/\/sofizo.si\/en\/?s={search_term_string}"},"query-input":{"@type":"PropertyValueSpecification","valueRequired":true,"valueName":"search_term_string"}}],"inLanguage":"en-US"}]}},"_links":{"self":[{"href":"https:\/\/sofizo.si\/en\/wp-json\/wp\/v2\/pages\/2240","targetHints":{"allow":["GET"]}}],"collection":[{"href":"https:\/\/sofizo.si\/en\/wp-json\/wp\/v2\/pages"}],"about":[{"href":"https:\/\/sofizo.si\/en\/wp-json\/wp\/v2\/types\/page"}],"author":[{"embeddable":true,"href":"https:\/\/sofizo.si\/en\/wp-json\/wp\/v2\/users\/4"}],"replies":[{"embeddable":true,"href":"https:\/\/sofizo.si\/en\/wp-json\/wp\/v2\/comments?post=2240"}],"version-history":[{"count":0,"href":"https:\/\/sofizo.si\/en\/wp-json\/wp\/v2\/pages\/2240\/revisions"}],"wp:featuredmedia":[{"embeddable":true,"href":"https:\/\/sofizo.si\/en\/wp-json\/wp\/v2\/media\/5626"}],"wp:attachment":[{"href":"https:\/\/sofizo.si\/en\/wp-json\/wp\/v2\/media?parent=2240"}],"curies":[{"name":"wp","href":"https:\/\/api.w.org\/{rel}","templated":true}]}}