{"id":2289,"date":"2023-07-14T06:12:15","date_gmt":"2023-07-14T04:12:15","guid":{"rendered":"https:\/\/sofizo.si\/?page_id=2289"},"modified":"2023-09-29T09:29:10","modified_gmt":"2023-09-29T07:29:10","slug":"privacy-policy","status":"publish","type":"page","link":"https:\/\/sofizo.si\/en\/privacy-policy\/","title":{"rendered":"Privacy Policy"},"content":{"rendered":"<h2>Varstvo osebnih podatkov<\/h2>\n<p>Podjetja iz B2 izobra\u017eevalni center, d.o.o. zagotavljamo, da bomo vse podatke, ki nam jih boste na kakr\u0161enkoli na\u010din posredovali, brezpogojno varovali ter ravnali z njimi v skladu z veljavnim Zakonom o varstvu osebnih podatkov in Splo\u0161no uredbo o varstvu osebnih podatkov (GDPR).<\/p>\n<p>Osebni podatki, ki jih vna\u0161ate na zgoraj navedenih spletnih (pod)straneh, se zbirajo v podjetju, ki je imetnik podstrani.<\/p>\n","protected":false},"excerpt":{"rendered":"<p>Varstvo osebnih podatkov Podjetja iz B2 izobra\u017eevalni center, d.o.o. zagotavljamo, da bomo vse podatke, ki nam jih boste na kakr\u0161enkoli na\u010din posredovali, brezpogojno varovali ter ravnali z njimi v skladu z veljavnim Zakonom o varstvu osebnih podatkov in Splo\u0161no uredbo o varstvu osebnih podatkov (GDPR). Osebni podatki, ki jih vna\u0161ate na zgoraj navedenih spletnih (pod)straneh, &#8230; <\/p>\n","protected":false},"author":1,"featured_media":495,"parent":0,"menu_order":8,"comment_status":"closed","ping_status":"closed","template":"","meta":{"_acf_changed":false,"ngg_post_thumbnail":0,"footnotes":""},"class_list":["post-2289","page","type-page","status-publish","has-post-thumbnail","hentry"],"acf":[],"yoast_head":"<!-- This site is optimized with the Yoast SEO plugin v27.4 - https:\/\/yoast.com\/product\/yoast-seo-wordpress\/ -->\n<title>Privacy Policy - Sofizo Educational Centre<\/title>\n<meta name=\"robots\" content=\"index, follow, max-snippet:-1, max-image-preview:large, max-video-preview:-1\" \/>\n<link rel=\"canonical\" href=\"https:\/\/sofizo.si\/en\/privacy-policy\/\" \/>\n<meta property=\"og:locale\" content=\"en_US\" \/>\n<meta property=\"og:type\" content=\"article\" \/>\n<meta property=\"og:title\" content=\"Privacy Policy - Sofizo Educational Centre\" \/>\n<meta property=\"og:description\" content=\"Varstvo osebnih podatkov Podjetja iz B2 izobra\u017eevalni center, d.o.o. zagotavljamo, da bomo vse podatke, ki nam jih boste na kakr\u0161enkoli na\u010din posredovali, brezpogojno varovali ter ravnali z njimi v skladu z veljavnim Zakonom o varstvu osebnih podatkov in Splo\u0161no uredbo o varstvu osebnih podatkov (GDPR). Osebni podatki, ki jih vna\u0161ate na zgoraj navedenih spletnih (pod)straneh, ...\" \/>\n<meta property=\"og:url\" content=\"https:\/\/sofizo.si\/en\/privacy-policy\/\" \/>\n<meta property=\"og:site_name\" content=\"Sofizo Educational Centre\" \/>\n<meta property=\"article:modified_time\" content=\"2023-09-29T07:29:10+00:00\" \/>\n<meta property=\"og:image\" content=\"https:\/\/sofizo.si\/wp-content\/uploads\/2023\/08\/placeholder-2.webp\" \/>\n\t<meta property=\"og:image:width\" content=\"1280\" \/>\n\t<meta property=\"og:image:height\" content=\"720\" \/>\n\t<meta property=\"og:image:type\" content=\"image\/webp\" \/>\n<meta name=\"twitter:card\" content=\"summary_large_image\" \/>\n<meta name=\"twitter:label1\" content=\"Est. reading time\" \/>\n\t<meta name=\"twitter:data1\" content=\"1 minute\" \/>\n<script type=\"application\/ld+json\" class=\"yoast-schema-graph\">{\"@context\":\"https:\\\/\\\/schema.org\",\"@graph\":[{\"@type\":\"WebPage\",\"@id\":\"https:\\\/\\\/sofizo.si\\\/en\\\/privacy-policy\\\/\",\"url\":\"https:\\\/\\\/sofizo.si\\\/en\\\/privacy-policy\\\/\",\"name\":\"Privacy Policy - Sofizo Educational Centre\",\"isPartOf\":{\"@id\":\"https:\\\/\\\/sofizo.si\\\/en\\\/#website\"},\"primaryImageOfPage\":{\"@id\":\"https:\\\/\\\/sofizo.si\\\/en\\\/privacy-policy\\\/#primaryimage\"},\"image\":{\"@id\":\"https:\\\/\\\/sofizo.si\\\/en\\\/privacy-policy\\\/#primaryimage\"},\"thumbnailUrl\":\"https:\\\/\\\/sofizo.si\\\/wp-content\\\/uploads\\\/2023\\\/08\\\/placeholder-2.webp\",\"datePublished\":\"2023-07-14T04:12:15+00:00\",\"dateModified\":\"2023-09-29T07:29:10+00:00\",\"breadcrumb\":{\"@id\":\"https:\\\/\\\/sofizo.si\\\/en\\\/privacy-policy\\\/#breadcrumb\"},\"inLanguage\":\"en-US\",\"potentialAction\":[{\"@type\":\"ReadAction\",\"target\":[\"https:\\\/\\\/sofizo.si\\\/en\\\/privacy-policy\\\/\"]}]},{\"@type\":\"ImageObject\",\"inLanguage\":\"en-US\",\"@id\":\"https:\\\/\\\/sofizo.si\\\/en\\\/privacy-policy\\\/#primaryimage\",\"url\":\"https:\\\/\\\/sofizo.si\\\/wp-content\\\/uploads\\\/2023\\\/08\\\/placeholder-2.webp\",\"contentUrl\":\"https:\\\/\\\/sofizo.si\\\/wp-content\\\/uploads\\\/2023\\\/08\\\/placeholder-2.webp\",\"width\":1280,\"height\":720},{\"@type\":\"BreadcrumbList\",\"@id\":\"https:\\\/\\\/sofizo.si\\\/en\\\/privacy-policy\\\/#breadcrumb\",\"itemListElement\":[{\"@type\":\"ListItem\",\"position\":1,\"name\":\"Home\",\"item\":\"https:\\\/\\\/sofizo.si\\\/en\\\/\"},{\"@type\":\"ListItem\",\"position\":2,\"name\":\"Privacy Policy\"}]},{\"@type\":\"WebSite\",\"@id\":\"https:\\\/\\\/sofizo.si\\\/en\\\/#website\",\"url\":\"https:\\\/\\\/sofizo.si\\\/en\\\/\",\"name\":\"Sofizo Educational Centre\",\"description\":\"\",\"potentialAction\":[{\"@type\":\"SearchAction\",\"target\":{\"@type\":\"EntryPoint\",\"urlTemplate\":\"https:\\\/\\\/sofizo.si\\\/en\\\/?s={search_term_string}\"},\"query-input\":{\"@type\":\"PropertyValueSpecification\",\"valueRequired\":true,\"valueName\":\"search_term_string\"}}],\"inLanguage\":\"en-US\"}]}<\/script>\n<!-- \/ Yoast SEO plugin. -->","yoast_head_json":{"title":"Privacy Policy - Sofizo Educational Centre","robots":{"index":"index","follow":"follow","max-snippet":"max-snippet:-1","max-image-preview":"max-image-preview:large","max-video-preview":"max-video-preview:-1"},"canonical":"https:\/\/sofizo.si\/en\/privacy-policy\/","og_locale":"en_US","og_type":"article","og_title":"Privacy Policy - Sofizo Educational Centre","og_description":"Varstvo osebnih podatkov Podjetja iz B2 izobra\u017eevalni center, d.o.o. zagotavljamo, da bomo vse podatke, ki nam jih boste na kakr\u0161enkoli na\u010din posredovali, brezpogojno varovali ter ravnali z njimi v skladu z veljavnim Zakonom o varstvu osebnih podatkov in Splo\u0161no uredbo o varstvu osebnih podatkov (GDPR). Osebni podatki, ki jih vna\u0161ate na zgoraj navedenih spletnih (pod)straneh, ...","og_url":"https:\/\/sofizo.si\/en\/privacy-policy\/","og_site_name":"Sofizo Educational Centre","article_modified_time":"2023-09-29T07:29:10+00:00","og_image":[{"width":1280,"height":720,"url":"https:\/\/sofizo.si\/wp-content\/uploads\/2023\/08\/placeholder-2.webp","type":"image\/webp"}],"twitter_card":"summary_large_image","twitter_misc":{"Est. reading time":"1 minute"},"schema":{"@context":"https:\/\/schema.org","@graph":[{"@type":"WebPage","@id":"https:\/\/sofizo.si\/en\/privacy-policy\/","url":"https:\/\/sofizo.si\/en\/privacy-policy\/","name":"Privacy Policy - Sofizo Educational Centre","isPartOf":{"@id":"https:\/\/sofizo.si\/en\/#website"},"primaryImageOfPage":{"@id":"https:\/\/sofizo.si\/en\/privacy-policy\/#primaryimage"},"image":{"@id":"https:\/\/sofizo.si\/en\/privacy-policy\/#primaryimage"},"thumbnailUrl":"https:\/\/sofizo.si\/wp-content\/uploads\/2023\/08\/placeholder-2.webp","datePublished":"2023-07-14T04:12:15+00:00","dateModified":"2023-09-29T07:29:10+00:00","breadcrumb":{"@id":"https:\/\/sofizo.si\/en\/privacy-policy\/#breadcrumb"},"inLanguage":"en-US","potentialAction":[{"@type":"ReadAction","target":["https:\/\/sofizo.si\/en\/privacy-policy\/"]}]},{"@type":"ImageObject","inLanguage":"en-US","@id":"https:\/\/sofizo.si\/en\/privacy-policy\/#primaryimage","url":"https:\/\/sofizo.si\/wp-content\/uploads\/2023\/08\/placeholder-2.webp","contentUrl":"https:\/\/sofizo.si\/wp-content\/uploads\/2023\/08\/placeholder-2.webp","width":1280,"height":720},{"@type":"BreadcrumbList","@id":"https:\/\/sofizo.si\/en\/privacy-policy\/#breadcrumb","itemListElement":[{"@type":"ListItem","position":1,"name":"Home","item":"https:\/\/sofizo.si\/en\/"},{"@type":"ListItem","position":2,"name":"Privacy Policy"}]},{"@type":"WebSite","@id":"https:\/\/sofizo.si\/en\/#website","url":"https:\/\/sofizo.si\/en\/","name":"Sofizo Educational Centre","description":"","potentialAction":[{"@type":"SearchAction","target":{"@type":"EntryPoint","urlTemplate":"https:\/\/sofizo.si\/en\/?s={search_term_string}"},"query-input":{"@type":"PropertyValueSpecification","valueRequired":true,"valueName":"search_term_string"}}],"inLanguage":"en-US"}]}},"_links":{"self":[{"href":"https:\/\/sofizo.si\/en\/wp-json\/wp\/v2\/pages\/2289","targetHints":{"allow":["GET"]}}],"collection":[{"href":"https:\/\/sofizo.si\/en\/wp-json\/wp\/v2\/pages"}],"about":[{"href":"https:\/\/sofizo.si\/en\/wp-json\/wp\/v2\/types\/page"}],"author":[{"embeddable":true,"href":"https:\/\/sofizo.si\/en\/wp-json\/wp\/v2\/users\/1"}],"replies":[{"embeddable":true,"href":"https:\/\/sofizo.si\/en\/wp-json\/wp\/v2\/comments?post=2289"}],"version-history":[{"count":0,"href":"https:\/\/sofizo.si\/en\/wp-json\/wp\/v2\/pages\/2289\/revisions"}],"wp:featuredmedia":[{"embeddable":true,"href":"https:\/\/sofizo.si\/en\/wp-json\/wp\/v2\/media\/495"}],"wp:attachment":[{"href":"https:\/\/sofizo.si\/en\/wp-json\/wp\/v2\/media?parent=2289"}],"curies":[{"name":"wp","href":"https:\/\/api.w.org\/{rel}","templated":true}]}}