{"id":2379,"date":"2023-07-20T13:03:53","date_gmt":"2023-07-20T11:03:53","guid":{"rendered":"https:\/\/sofizo.si\/srednja-sola\/"},"modified":"2024-03-09T11:39:23","modified_gmt":"2024-03-09T10:39:23","slug":"secondary-school","status":"publish","type":"page","link":"https:\/\/sofizo.si\/en\/secondary-school\/","title":{"rendered":"Secondary school"},"content":{"rendered":"<p>Education adapted to employed adults. By intertwining theory and business practice, we guarantee you excellent learning results.<\/p>\n","protected":false},"excerpt":{"rendered":"<p>Education adapted to employed adults. By intertwining theory and business practice, we guarantee you excellent learning results.<\/p>\n","protected":false},"author":4,"featured_media":2057,"parent":0,"menu_order":5,"comment_status":"closed","ping_status":"closed","template":"views\/tpl-school.blade.php","meta":{"_acf_changed":false,"ngg_post_thumbnail":0,"footnotes":""},"class_list":["post-2379","page","type-page","status-publish","has-post-thumbnail","hentry"],"acf":[],"yoast_head":"<!-- This site is optimized with the Yoast SEO plugin v27.4 - https:\/\/yoast.com\/product\/yoast-seo-wordpress\/ -->\n<title>Srednja \u0161ola | Sofizo izobra\u017eevanje<\/title>\n<meta name=\"description\" content=\"Nudimo vam srednje \u0161olske programe tudi za odrasle. Vabimo vas k ogledu na\u0161e spletne strani, kjer boste na\u0161li \u0161tevilne uporabne informacije.\" \/>\n<meta name=\"robots\" content=\"index, follow, max-snippet:-1, max-image-preview:large, max-video-preview:-1\" \/>\n<link rel=\"canonical\" href=\"https:\/\/sofizo.si\/en\/secondary-school\/\" \/>\n<meta property=\"og:locale\" content=\"en_US\" \/>\n<meta property=\"og:type\" content=\"article\" \/>\n<meta property=\"og:title\" content=\"Srednja \u0161ola | Sofizo izobra\u017eevanje\" \/>\n<meta property=\"og:description\" content=\"Nudimo vam srednje \u0161olske programe tudi za odrasle. Vabimo vas k ogledu na\u0161e spletne strani, kjer boste na\u0161li \u0161tevilne uporabne informacije.\" \/>\n<meta property=\"og:url\" content=\"https:\/\/sofizo.si\/en\/secondary-school\/\" \/>\n<meta property=\"og:site_name\" content=\"Sofizo Educational Centre\" \/>\n<meta property=\"article:modified_time\" content=\"2024-03-09T10:39:23+00:00\" \/>\n<meta property=\"og:image\" content=\"https:\/\/sofizo.si\/wp-content\/uploads\/2023\/08\/srednja-sola-za-odrasle.webp\" \/>\n\t<meta property=\"og:image:width\" content=\"1024\" \/>\n\t<meta property=\"og:image:height\" content=\"683\" \/>\n\t<meta property=\"og:image:type\" content=\"image\/webp\" \/>\n<meta name=\"twitter:card\" content=\"summary_large_image\" \/>\n<meta name=\"twitter:label1\" content=\"Est. reading time\" \/>\n\t<meta name=\"twitter:data1\" content=\"2 minutes\" \/>\n<script type=\"application\/ld+json\" class=\"yoast-schema-graph\">{\"@context\":\"https:\\\/\\\/schema.org\",\"@graph\":[{\"@type\":\"WebPage\",\"@id\":\"https:\\\/\\\/sofizo.si\\\/en\\\/secondary-school\\\/\",\"url\":\"https:\\\/\\\/sofizo.si\\\/en\\\/secondary-school\\\/\",\"name\":\"Srednja \u0161ola | Sofizo izobra\u017eevanje\",\"isPartOf\":{\"@id\":\"https:\\\/\\\/sofizo.si\\\/en\\\/#website\"},\"primaryImageOfPage\":{\"@id\":\"https:\\\/\\\/sofizo.si\\\/en\\\/secondary-school\\\/#primaryimage\"},\"image\":{\"@id\":\"https:\\\/\\\/sofizo.si\\\/en\\\/secondary-school\\\/#primaryimage\"},\"thumbnailUrl\":\"https:\\\/\\\/sofizo.si\\\/wp-content\\\/uploads\\\/2023\\\/08\\\/srednja-sola-za-odrasle.webp\",\"datePublished\":\"2023-07-20T11:03:53+00:00\",\"dateModified\":\"2024-03-09T10:39:23+00:00\",\"description\":\"Nudimo vam srednje \u0161olske programe tudi za odrasle. Vabimo vas k ogledu na\u0161e spletne strani, kjer boste na\u0161li \u0161tevilne uporabne informacije.\",\"breadcrumb\":{\"@id\":\"https:\\\/\\\/sofizo.si\\\/en\\\/secondary-school\\\/#breadcrumb\"},\"inLanguage\":\"en-US\",\"potentialAction\":[{\"@type\":\"ReadAction\",\"target\":[\"https:\\\/\\\/sofizo.si\\\/en\\\/secondary-school\\\/\"]}]},{\"@type\":\"ImageObject\",\"inLanguage\":\"en-US\",\"@id\":\"https:\\\/\\\/sofizo.si\\\/en\\\/secondary-school\\\/#primaryimage\",\"url\":\"https:\\\/\\\/sofizo.si\\\/wp-content\\\/uploads\\\/2023\\\/08\\\/srednja-sola-za-odrasle.webp\",\"contentUrl\":\"https:\\\/\\\/sofizo.si\\\/wp-content\\\/uploads\\\/2023\\\/08\\\/srednja-sola-za-odrasle.webp\",\"width\":1024,\"height\":683,\"caption\":\"srednja \u0161ola za odrasle\"},{\"@type\":\"BreadcrumbList\",\"@id\":\"https:\\\/\\\/sofizo.si\\\/en\\\/secondary-school\\\/#breadcrumb\",\"itemListElement\":[{\"@type\":\"ListItem\",\"position\":1,\"name\":\"Home\",\"item\":\"https:\\\/\\\/sofizo.si\\\/en\\\/\"},{\"@type\":\"ListItem\",\"position\":2,\"name\":\"Secondary school\"}]},{\"@type\":\"WebSite\",\"@id\":\"https:\\\/\\\/sofizo.si\\\/en\\\/#website\",\"url\":\"https:\\\/\\\/sofizo.si\\\/en\\\/\",\"name\":\"Sofizo Educational Centre\",\"description\":\"\",\"potentialAction\":[{\"@type\":\"SearchAction\",\"target\":{\"@type\":\"EntryPoint\",\"urlTemplate\":\"https:\\\/\\\/sofizo.si\\\/en\\\/?s={search_term_string}\"},\"query-input\":{\"@type\":\"PropertyValueSpecification\",\"valueRequired\":true,\"valueName\":\"search_term_string\"}}],\"inLanguage\":\"en-US\"}]}<\/script>\n<!-- \/ Yoast SEO plugin. -->","yoast_head_json":{"title":"Srednja \u0161ola | Sofizo izobra\u017eevanje","description":"Nudimo vam srednje \u0161olske programe tudi za odrasle. Vabimo vas k ogledu na\u0161e spletne strani, kjer boste na\u0161li \u0161tevilne uporabne informacije.","robots":{"index":"index","follow":"follow","max-snippet":"max-snippet:-1","max-image-preview":"max-image-preview:large","max-video-preview":"max-video-preview:-1"},"canonical":"https:\/\/sofizo.si\/en\/secondary-school\/","og_locale":"en_US","og_type":"article","og_title":"Srednja \u0161ola | Sofizo izobra\u017eevanje","og_description":"Nudimo vam srednje \u0161olske programe tudi za odrasle. Vabimo vas k ogledu na\u0161e spletne strani, kjer boste na\u0161li \u0161tevilne uporabne informacije.","og_url":"https:\/\/sofizo.si\/en\/secondary-school\/","og_site_name":"Sofizo Educational Centre","article_modified_time":"2024-03-09T10:39:23+00:00","og_image":[{"width":1024,"height":683,"url":"https:\/\/sofizo.si\/wp-content\/uploads\/2023\/08\/srednja-sola-za-odrasle.webp","type":"image\/webp"}],"twitter_card":"summary_large_image","twitter_misc":{"Est. reading time":"2 minutes"},"schema":{"@context":"https:\/\/schema.org","@graph":[{"@type":"WebPage","@id":"https:\/\/sofizo.si\/en\/secondary-school\/","url":"https:\/\/sofizo.si\/en\/secondary-school\/","name":"Srednja \u0161ola | Sofizo izobra\u017eevanje","isPartOf":{"@id":"https:\/\/sofizo.si\/en\/#website"},"primaryImageOfPage":{"@id":"https:\/\/sofizo.si\/en\/secondary-school\/#primaryimage"},"image":{"@id":"https:\/\/sofizo.si\/en\/secondary-school\/#primaryimage"},"thumbnailUrl":"https:\/\/sofizo.si\/wp-content\/uploads\/2023\/08\/srednja-sola-za-odrasle.webp","datePublished":"2023-07-20T11:03:53+00:00","dateModified":"2024-03-09T10:39:23+00:00","description":"Nudimo vam srednje \u0161olske programe tudi za odrasle. Vabimo vas k ogledu na\u0161e spletne strani, kjer boste na\u0161li \u0161tevilne uporabne informacije.","breadcrumb":{"@id":"https:\/\/sofizo.si\/en\/secondary-school\/#breadcrumb"},"inLanguage":"en-US","potentialAction":[{"@type":"ReadAction","target":["https:\/\/sofizo.si\/en\/secondary-school\/"]}]},{"@type":"ImageObject","inLanguage":"en-US","@id":"https:\/\/sofizo.si\/en\/secondary-school\/#primaryimage","url":"https:\/\/sofizo.si\/wp-content\/uploads\/2023\/08\/srednja-sola-za-odrasle.webp","contentUrl":"https:\/\/sofizo.si\/wp-content\/uploads\/2023\/08\/srednja-sola-za-odrasle.webp","width":1024,"height":683,"caption":"srednja \u0161ola za odrasle"},{"@type":"BreadcrumbList","@id":"https:\/\/sofizo.si\/en\/secondary-school\/#breadcrumb","itemListElement":[{"@type":"ListItem","position":1,"name":"Home","item":"https:\/\/sofizo.si\/en\/"},{"@type":"ListItem","position":2,"name":"Secondary school"}]},{"@type":"WebSite","@id":"https:\/\/sofizo.si\/en\/#website","url":"https:\/\/sofizo.si\/en\/","name":"Sofizo Educational Centre","description":"","potentialAction":[{"@type":"SearchAction","target":{"@type":"EntryPoint","urlTemplate":"https:\/\/sofizo.si\/en\/?s={search_term_string}"},"query-input":{"@type":"PropertyValueSpecification","valueRequired":true,"valueName":"search_term_string"}}],"inLanguage":"en-US"}]}},"_links":{"self":[{"href":"https:\/\/sofizo.si\/en\/wp-json\/wp\/v2\/pages\/2379","targetHints":{"allow":["GET"]}}],"collection":[{"href":"https:\/\/sofizo.si\/en\/wp-json\/wp\/v2\/pages"}],"about":[{"href":"https:\/\/sofizo.si\/en\/wp-json\/wp\/v2\/types\/page"}],"author":[{"embeddable":true,"href":"https:\/\/sofizo.si\/en\/wp-json\/wp\/v2\/users\/4"}],"replies":[{"embeddable":true,"href":"https:\/\/sofizo.si\/en\/wp-json\/wp\/v2\/comments?post=2379"}],"version-history":[{"count":0,"href":"https:\/\/sofizo.si\/en\/wp-json\/wp\/v2\/pages\/2379\/revisions"}],"wp:featuredmedia":[{"embeddable":true,"href":"https:\/\/sofizo.si\/en\/wp-json\/wp\/v2\/media\/2057"}],"wp:attachment":[{"href":"https:\/\/sofizo.si\/en\/wp-json\/wp\/v2\/media?parent=2379"}],"curies":[{"name":"wp","href":"https:\/\/api.w.org\/{rel}","templated":true}]}}