{"id":2884,"date":"2023-07-17T10:58:53","date_gmt":"2023-07-17T08:58:53","guid":{"rendered":"https:\/\/sofizo.si\/piskotki\/"},"modified":"2023-09-29T09:29:57","modified_gmt":"2023-09-29T07:29:57","slug":"cookies","status":"publish","type":"page","link":"https:\/\/sofizo.si\/en\/cookies\/","title":{"rendered":"Cookies"},"content":{"rendered":"<p>Spletna stran za svoje nemoteno delovanje uporabljajo t.i. pi\u0161kotke (cookies). To so datoteke, ki se odlagajo na napravi uporabnika, s katero ta dostopa do spletne strani. Z njimi se na uporabnikovi napravi hranijo unikatni podatki o uporabniku oziroma nastavitve, ki si jih je na posameznem spletnem mestu izbral.<\/p>\n<p>Podlaga za obvestilo je Zakon o elektronskih komunikacijah. Zakon dolo\u010da pravila glede uporabe pi\u0161kotkov in podobnih tehnologij za shranjevanje informacij ali dostop do informacij, shranjenih na ra\u010dunalniku ali mobilni napravi uporabnika.<\/p>\n","protected":false},"excerpt":{"rendered":"<p>Spletna stran za svoje nemoteno delovanje uporabljajo t.i. pi\u0161kotke (cookies). To so datoteke, ki se odlagajo na napravi uporabnika, s katero ta dostopa do spletne strani. Z njimi se na uporabnikovi napravi hranijo unikatni podatki o uporabniku oziroma nastavitve, ki si jih je na posameznem spletnem mestu izbral. Podlaga za obvestilo je Zakon o elektronskih &#8230; <\/p>\n","protected":false},"author":4,"featured_media":495,"parent":0,"menu_order":91,"comment_status":"closed","ping_status":"closed","template":"","meta":{"_acf_changed":false,"ngg_post_thumbnail":0,"footnotes":""},"class_list":["post-2884","page","type-page","status-publish","has-post-thumbnail","hentry"],"acf":[],"yoast_head":"<!-- This site is optimized with the Yoast SEO plugin v27.4 - https:\/\/yoast.com\/product\/yoast-seo-wordpress\/ -->\n<title>Cookies - Sofizo Educational Centre<\/title>\n<meta name=\"robots\" content=\"index, follow, max-snippet:-1, max-image-preview:large, max-video-preview:-1\" \/>\n<link rel=\"canonical\" href=\"https:\/\/sofizo.si\/en\/cookies\/\" \/>\n<meta property=\"og:locale\" content=\"en_US\" \/>\n<meta property=\"og:type\" content=\"article\" \/>\n<meta property=\"og:title\" content=\"Cookies - Sofizo Educational Centre\" \/>\n<meta property=\"og:description\" content=\"Spletna stran za svoje nemoteno delovanje uporabljajo t.i. pi\u0161kotke (cookies). To so datoteke, ki se odlagajo na napravi uporabnika, s katero ta dostopa do spletne strani. Z njimi se na uporabnikovi napravi hranijo unikatni podatki o uporabniku oziroma nastavitve, ki si jih je na posameznem spletnem mestu izbral. Podlaga za obvestilo je Zakon o elektronskih ...\" \/>\n<meta property=\"og:url\" content=\"https:\/\/sofizo.si\/en\/cookies\/\" \/>\n<meta property=\"og:site_name\" content=\"Sofizo Educational Centre\" \/>\n<meta property=\"article:modified_time\" content=\"2023-09-29T07:29:57+00:00\" \/>\n<meta property=\"og:image\" content=\"https:\/\/sofizo.si\/wp-content\/uploads\/2023\/08\/placeholder-2.webp\" \/>\n\t<meta property=\"og:image:width\" content=\"1280\" \/>\n\t<meta property=\"og:image:height\" content=\"720\" \/>\n\t<meta property=\"og:image:type\" content=\"image\/webp\" \/>\n<meta name=\"twitter:card\" content=\"summary_large_image\" \/>\n<meta name=\"twitter:label1\" content=\"Est. reading time\" \/>\n\t<meta name=\"twitter:data1\" content=\"1 minute\" \/>\n<script type=\"application\/ld+json\" class=\"yoast-schema-graph\">{\"@context\":\"https:\\\/\\\/schema.org\",\"@graph\":[{\"@type\":\"WebPage\",\"@id\":\"https:\\\/\\\/sofizo.si\\\/en\\\/cookies\\\/\",\"url\":\"https:\\\/\\\/sofizo.si\\\/en\\\/cookies\\\/\",\"name\":\"Cookies - Sofizo Educational Centre\",\"isPartOf\":{\"@id\":\"https:\\\/\\\/sofizo.si\\\/en\\\/#website\"},\"primaryImageOfPage\":{\"@id\":\"https:\\\/\\\/sofizo.si\\\/en\\\/cookies\\\/#primaryimage\"},\"image\":{\"@id\":\"https:\\\/\\\/sofizo.si\\\/en\\\/cookies\\\/#primaryimage\"},\"thumbnailUrl\":\"https:\\\/\\\/sofizo.si\\\/wp-content\\\/uploads\\\/2023\\\/08\\\/placeholder-2.webp\",\"datePublished\":\"2023-07-17T08:58:53+00:00\",\"dateModified\":\"2023-09-29T07:29:57+00:00\",\"breadcrumb\":{\"@id\":\"https:\\\/\\\/sofizo.si\\\/en\\\/cookies\\\/#breadcrumb\"},\"inLanguage\":\"en-US\",\"potentialAction\":[{\"@type\":\"ReadAction\",\"target\":[\"https:\\\/\\\/sofizo.si\\\/en\\\/cookies\\\/\"]}]},{\"@type\":\"ImageObject\",\"inLanguage\":\"en-US\",\"@id\":\"https:\\\/\\\/sofizo.si\\\/en\\\/cookies\\\/#primaryimage\",\"url\":\"https:\\\/\\\/sofizo.si\\\/wp-content\\\/uploads\\\/2023\\\/08\\\/placeholder-2.webp\",\"contentUrl\":\"https:\\\/\\\/sofizo.si\\\/wp-content\\\/uploads\\\/2023\\\/08\\\/placeholder-2.webp\",\"width\":1280,\"height\":720},{\"@type\":\"BreadcrumbList\",\"@id\":\"https:\\\/\\\/sofizo.si\\\/en\\\/cookies\\\/#breadcrumb\",\"itemListElement\":[{\"@type\":\"ListItem\",\"position\":1,\"name\":\"Home\",\"item\":\"https:\\\/\\\/sofizo.si\\\/en\\\/\"},{\"@type\":\"ListItem\",\"position\":2,\"name\":\"Cookies\"}]},{\"@type\":\"WebSite\",\"@id\":\"https:\\\/\\\/sofizo.si\\\/en\\\/#website\",\"url\":\"https:\\\/\\\/sofizo.si\\\/en\\\/\",\"name\":\"Sofizo Educational Centre\",\"description\":\"\",\"potentialAction\":[{\"@type\":\"SearchAction\",\"target\":{\"@type\":\"EntryPoint\",\"urlTemplate\":\"https:\\\/\\\/sofizo.si\\\/en\\\/?s={search_term_string}\"},\"query-input\":{\"@type\":\"PropertyValueSpecification\",\"valueRequired\":true,\"valueName\":\"search_term_string\"}}],\"inLanguage\":\"en-US\"}]}<\/script>\n<!-- \/ Yoast SEO plugin. -->","yoast_head_json":{"title":"Cookies - Sofizo Educational Centre","robots":{"index":"index","follow":"follow","max-snippet":"max-snippet:-1","max-image-preview":"max-image-preview:large","max-video-preview":"max-video-preview:-1"},"canonical":"https:\/\/sofizo.si\/en\/cookies\/","og_locale":"en_US","og_type":"article","og_title":"Cookies - Sofizo Educational Centre","og_description":"Spletna stran za svoje nemoteno delovanje uporabljajo t.i. pi\u0161kotke (cookies). To so datoteke, ki se odlagajo na napravi uporabnika, s katero ta dostopa do spletne strani. Z njimi se na uporabnikovi napravi hranijo unikatni podatki o uporabniku oziroma nastavitve, ki si jih je na posameznem spletnem mestu izbral. Podlaga za obvestilo je Zakon o elektronskih ...","og_url":"https:\/\/sofizo.si\/en\/cookies\/","og_site_name":"Sofizo Educational Centre","article_modified_time":"2023-09-29T07:29:57+00:00","og_image":[{"width":1280,"height":720,"url":"https:\/\/sofizo.si\/wp-content\/uploads\/2023\/08\/placeholder-2.webp","type":"image\/webp"}],"twitter_card":"summary_large_image","twitter_misc":{"Est. reading time":"1 minute"},"schema":{"@context":"https:\/\/schema.org","@graph":[{"@type":"WebPage","@id":"https:\/\/sofizo.si\/en\/cookies\/","url":"https:\/\/sofizo.si\/en\/cookies\/","name":"Cookies - Sofizo Educational Centre","isPartOf":{"@id":"https:\/\/sofizo.si\/en\/#website"},"primaryImageOfPage":{"@id":"https:\/\/sofizo.si\/en\/cookies\/#primaryimage"},"image":{"@id":"https:\/\/sofizo.si\/en\/cookies\/#primaryimage"},"thumbnailUrl":"https:\/\/sofizo.si\/wp-content\/uploads\/2023\/08\/placeholder-2.webp","datePublished":"2023-07-17T08:58:53+00:00","dateModified":"2023-09-29T07:29:57+00:00","breadcrumb":{"@id":"https:\/\/sofizo.si\/en\/cookies\/#breadcrumb"},"inLanguage":"en-US","potentialAction":[{"@type":"ReadAction","target":["https:\/\/sofizo.si\/en\/cookies\/"]}]},{"@type":"ImageObject","inLanguage":"en-US","@id":"https:\/\/sofizo.si\/en\/cookies\/#primaryimage","url":"https:\/\/sofizo.si\/wp-content\/uploads\/2023\/08\/placeholder-2.webp","contentUrl":"https:\/\/sofizo.si\/wp-content\/uploads\/2023\/08\/placeholder-2.webp","width":1280,"height":720},{"@type":"BreadcrumbList","@id":"https:\/\/sofizo.si\/en\/cookies\/#breadcrumb","itemListElement":[{"@type":"ListItem","position":1,"name":"Home","item":"https:\/\/sofizo.si\/en\/"},{"@type":"ListItem","position":2,"name":"Cookies"}]},{"@type":"WebSite","@id":"https:\/\/sofizo.si\/en\/#website","url":"https:\/\/sofizo.si\/en\/","name":"Sofizo Educational Centre","description":"","potentialAction":[{"@type":"SearchAction","target":{"@type":"EntryPoint","urlTemplate":"https:\/\/sofizo.si\/en\/?s={search_term_string}"},"query-input":{"@type":"PropertyValueSpecification","valueRequired":true,"valueName":"search_term_string"}}],"inLanguage":"en-US"}]}},"_links":{"self":[{"href":"https:\/\/sofizo.si\/en\/wp-json\/wp\/v2\/pages\/2884","targetHints":{"allow":["GET"]}}],"collection":[{"href":"https:\/\/sofizo.si\/en\/wp-json\/wp\/v2\/pages"}],"about":[{"href":"https:\/\/sofizo.si\/en\/wp-json\/wp\/v2\/types\/page"}],"author":[{"embeddable":true,"href":"https:\/\/sofizo.si\/en\/wp-json\/wp\/v2\/users\/4"}],"replies":[{"embeddable":true,"href":"https:\/\/sofizo.si\/en\/wp-json\/wp\/v2\/comments?post=2884"}],"version-history":[{"count":0,"href":"https:\/\/sofizo.si\/en\/wp-json\/wp\/v2\/pages\/2884\/revisions"}],"wp:featuredmedia":[{"embeddable":true,"href":"https:\/\/sofizo.si\/en\/wp-json\/wp\/v2\/media\/495"}],"wp:attachment":[{"href":"https:\/\/sofizo.si\/en\/wp-json\/wp\/v2\/media?parent=2884"}],"curies":[{"name":"wp","href":"https:\/\/api.w.org\/{rel}","templated":true}]}}